{"id":13,"date":"2025-01-16T20:36:02","date_gmt":"2025-01-16T20:36:02","guid":{"rendered":"https:\/\/accr-asso.fr\/?page_id=13"},"modified":"2025-04-03T15:18:28","modified_gmt":"2025-04-03T15:18:28","slug":"accueil","status":"publish","type":"page","link":"https:\/\/accr-asso.fr\/","title":{"rendered":"Accueil"},"content":{"rendered":"\t\t<div data-elementor-type=\"wp-page\" data-elementor-id=\"13\" class=\"elementor elementor-13\" data-elementor-post-type=\"page\">\n\t\t\t\t<div class=\"elementor-element elementor-element-70f01ac e-flex e-con-boxed e-con e-parent\" data-id=\"70f01ac\" data-element_type=\"container\" data-e-type=\"container\" id=\"qui-sommes-nous\">\n\t\t\t\t\t<div class=\"e-con-inner\">\n\t\t\t\t<div class=\"elementor-element elementor-element-fdcf9c8 elementor-widget elementor-widget-heading\" data-id=\"fdcf9c8\" data-element_type=\"widget\" data-e-type=\"widget\" data-widget_type=\"heading.default\">\n\t\t\t\t<div class=\"elementor-widget-container\">\n\t\t\t\t\t<h2 class=\"elementor-heading-title elementor-size-default\">Qui sommes-nous\u00a0?<\/h2>\t\t\t\t<\/div>\n\t\t\t\t<\/div>\n\t\t<div class=\"elementor-element elementor-element-dfa6e49 e-con-full e-flex e-con e-child\" data-id=\"dfa6e49\" data-element_type=\"container\" data-e-type=\"container\">\n\t\t<div class=\"elementor-element elementor-element-1ed5ee9 e-con-full e-flex e-con e-child\" data-id=\"1ed5ee9\" data-element_type=\"container\" data-e-type=\"container\">\n\t\t\t\t<div class=\"elementor-element elementor-element-9242912 elementor-widget elementor-widget-text-editor\" data-id=\"9242912\" data-element_type=\"widget\" data-e-type=\"widget\" data-widget_type=\"text-editor.default\">\n\t\t\t\t<div class=\"elementor-widget-container\">\n\t\t\t\t\t\t\t\t\t<p>L\u2019<strong>A<\/strong>ssociation des <strong>C<\/strong>onseillers en <strong>C<\/strong>onformit\u00e9 et <strong>R<\/strong>\u00e9gulation, cr\u00e9\u00e9e en 2019 \u00e0 l\u2019initiative de l\u2019AMF et d\u2019intervenants majeurs de la Place, est l\u2019association repr\u00e9sentative des cabinets de conseils sp\u00e9cialis\u00e9s dans le domaine de la conformit\u00e9 et du contr\u00f4le interne.<\/p>\n<p>Elle a pour mission de d\u00e9finir les organisations et les moyens n\u00e9cessaires \u00e0 l\u2019accomplissement de missions r\u00e9pondant \u00e0 de hautes exigences de professionnalisme et de comp\u00e9tence, aupr\u00e8s des Prestataires de services d\u2019investissement (notamment les SGP), des Conseillers en gestion de patrimoine (notamment les CIF et les Courtiers en assurance), et tous autres acteurs r\u00e9gul\u00e9s par l\u2019AMF, l\u2019ACPR ou toute autre Autorit\u00e9 \u00e9quivalente de l\u2019Espace Economique Europ\u00e9en.<\/p>\n<p>Cette association a \u00e9galement pour objet d\u2019\u00eatre un interlocuteur repr\u00e9sentatif des membres aupr\u00e8s des Tutelles.<\/p>\t\t\t\t\t\t\t\t<\/div>\n\t\t\t\t<\/div>\n\t\t\t\t<\/div>\n\t\t<div class=\"elementor-element elementor-element-6f13921 e-con-full e-flex e-con e-child\" data-id=\"6f13921\" data-element_type=\"container\" data-e-type=\"container\">\n\t\t\t\t<div class=\"elementor-element elementor-element-a4c939e elementor-widget elementor-widget-image\" data-id=\"a4c939e\" data-element_type=\"widget\" data-e-type=\"widget\" data-widget_type=\"image.default\">\n\t\t\t\t<div class=\"elementor-widget-container\">\n\t\t\t\t\t\t\t\t\t\t\t\t\t\t\t<img fetchpriority=\"high\" decoding=\"async\" width=\"1024\" height=\"1024\" src=\"https:\/\/accr-asso.fr\/wp-content\/uploads\/2025\/02\/qui-2.png\" class=\"attachment-2048x2048 size-2048x2048 wp-image-53\" alt=\"\" srcset=\"https:\/\/accr-asso.fr\/wp-content\/uploads\/2025\/02\/qui-2.png 1024w, https:\/\/accr-asso.fr\/wp-content\/uploads\/2025\/02\/qui-2-300x300.png 300w, https:\/\/accr-asso.fr\/wp-content\/uploads\/2025\/02\/qui-2-150x150.png 150w, https:\/\/accr-asso.fr\/wp-content\/uploads\/2025\/02\/qui-2-768x768.png 768w\" sizes=\"(max-width: 1024px) 100vw, 1024px\" \/>\t\t\t\t\t\t\t\t\t\t\t\t\t\t\t<\/div>\n\t\t\t\t<\/div>\n\t\t\t\t<\/div>\n\t\t\t\t<\/div>\n\t\t\t\t\t<\/div>\n\t\t\t\t<\/div>\n\t\t<div class=\"elementor-element elementor-element-59a4b16 e-flex e-con-boxed e-con e-parent\" data-id=\"59a4b16\" data-element_type=\"container\" data-e-type=\"container\" id=\"nos-membres\">\n\t\t\t\t\t<div class=\"e-con-inner\">\n\t\t\t\t<div class=\"elementor-element elementor-element-def1e0a elementor-widget elementor-widget-heading\" data-id=\"def1e0a\" data-element_type=\"widget\" data-e-type=\"widget\" data-widget_type=\"heading.default\">\n\t\t\t\t<div class=\"elementor-widget-container\">\n\t\t\t\t\t<h2 class=\"elementor-heading-title elementor-size-default\">Nos membres<\/h2>\t\t\t\t<\/div>\n\t\t\t\t<\/div>\n\t\t<div class=\"elementor-element elementor-element-2913ca7 e-con-full e-flex e-con e-child\" data-id=\"2913ca7\" data-element_type=\"container\" data-e-type=\"container\">\n\t\t<div class=\"elementor-element elementor-element-3b21680 e-con-full e-flex e-con e-child\" data-id=\"3b21680\" data-element_type=\"container\" data-e-type=\"container\">\n\t\t\t\t<div class=\"elementor-element elementor-element-26da210 elementor-widget elementor-widget-image\" data-id=\"26da210\" data-element_type=\"widget\" data-e-type=\"widget\" data-widget_type=\"image.default\">\n\t\t\t\t<div class=\"elementor-widget-container\">\n\t\t\t\t\t\t\t\t\t\t\t\t\t\t\t<img decoding=\"async\" width=\"1024\" height=\"1024\" src=\"https:\/\/accr-asso.fr\/wp-content\/uploads\/2025\/02\/membres.png\" class=\"attachment-full size-full wp-image-64\" alt=\"\" srcset=\"https:\/\/accr-asso.fr\/wp-content\/uploads\/2025\/02\/membres.png 1024w, https:\/\/accr-asso.fr\/wp-content\/uploads\/2025\/02\/membres-300x300.png 300w, https:\/\/accr-asso.fr\/wp-content\/uploads\/2025\/02\/membres-150x150.png 150w, https:\/\/accr-asso.fr\/wp-content\/uploads\/2025\/02\/membres-768x768.png 768w\" sizes=\"(max-width: 1024px) 100vw, 1024px\" \/>\t\t\t\t\t\t\t\t\t\t\t\t\t\t\t<\/div>\n\t\t\t\t<\/div>\n\t\t\t\t<\/div>\n\t\t<div class=\"elementor-element elementor-element-6a70e36 e-con-full e-flex e-con e-child\" data-id=\"6a70e36\" data-element_type=\"container\" data-e-type=\"container\">\n\t\t\t\t<div class=\"elementor-element elementor-element-603b3dd elementor-widget elementor-widget-text-editor\" data-id=\"603b3dd\" data-element_type=\"widget\" data-e-type=\"widget\" data-widget_type=\"text-editor.default\">\n\t\t\t\t<div class=\"elementor-widget-container\">\n\t\t\t\t\t\t\t\t\t<p>Les membres de l\u2019ACCR sont les cabinets qui assurent des missions de contr\u00f4le permanent et\/ou p\u00e9riodique aupr\u00e8s des Prestataires de services d\u2019investissement (notamment les SGP), des Conseillers en gestion de patrimoine (notamment les CIF et les Courtiers en ssurance), et tous autres acteurs r\u00e9gul\u00e9s par l\u2019AMF, l\u2019ACPR ou toute autre Autorit\u00e9 \u00e9quivalente de l\u2019Espace Economique Europ\u00e9en.<\/p><p>Ils interviennent \u00e0 la demande de leurs clients et dans la limite des missions qui leur sont confi\u00e9es dans le cadre de missions relevant habituellement des t\u00e2ches aff\u00e9rentes aux RCCI\/RCSI. Ils doivent \u00e0 chacun de leurs clients des conseils et des services de haute qualit\u00e9, adapt\u00e9s \u00e0 leurs besoins propres.<\/p><p>L\u2019adh\u00e9sion \u00e0 l\u2019ACCR permet aux membres de justifier d\u2019assurer des missions et services de hautes <strong>exigences de professionnalisme et de comp\u00e9tence<\/strong>, en se conformant aux modalit\u00e9s d\u2019adh\u00e9sion telles que pr\u00e9cis\u00e9es dans le r\u00e8glement int\u00e9rieur et la charte de fonctionnement de l\u2019association.<\/p>\t\t\t\t\t\t\t\t<\/div>\n\t\t\t\t<\/div>\n\t\t\t\t<\/div>\n\t\t\t\t<\/div>\n\t\t\t\t\t<\/div>\n\t\t\t\t<\/div>\n\t\t<div class=\"elementor-element elementor-element-6f35aaa e-flex e-con-boxed e-con e-parent\" data-id=\"6f35aaa\" data-element_type=\"container\" data-e-type=\"container\" id=\"nos-engagements\" data-settings=\"{&quot;shape_divider_top&quot;:&quot;opacity-fan&quot;}\">\n\t\t\t\t\t<div class=\"e-con-inner\">\n\t\t\t\t<div class=\"elementor-shape elementor-shape-top\" aria-hidden=\"true\" data-negative=\"false\">\n\t\t\t<svg xmlns=\"http:\/\/www.w3.org\/2000\/svg\" viewBox=\"0 0 283.5 19.6\" preserveAspectRatio=\"none\">\n\t<path class=\"elementor-shape-fill\" style=\"opacity:0.33\" d=\"M0 0L0 18.8 141.8 4.1 283.5 18.8 283.5 0z\"\/>\n\t<path class=\"elementor-shape-fill\" style=\"opacity:0.33\" d=\"M0 0L0 12.6 141.8 4 283.5 12.6 283.5 0z\"\/>\n\t<path class=\"elementor-shape-fill\" style=\"opacity:0.33\" d=\"M0 0L0 6.4 141.8 4 283.5 6.4 283.5 0z\"\/>\n\t<path class=\"elementor-shape-fill\" d=\"M0 0L0 1.2 141.8 4 283.5 1.2 283.5 0z\"\/>\n<\/svg>\t\t<\/div>\n\t\t\t\t<div class=\"elementor-element elementor-element-92555ce elementor-widget elementor-widget-heading\" data-id=\"92555ce\" data-element_type=\"widget\" data-e-type=\"widget\" data-widget_type=\"heading.default\">\n\t\t\t\t<div class=\"elementor-widget-container\">\n\t\t\t\t\t<h2 class=\"elementor-heading-title elementor-size-default\">Nos engagements<\/h2>\t\t\t\t<\/div>\n\t\t\t\t<\/div>\n\t\t<div class=\"elementor-element elementor-element-875afd5 e-con-full e-flex e-con e-child\" data-id=\"875afd5\" data-element_type=\"container\" data-e-type=\"container\">\n\t\t\t\t<div class=\"elementor-element elementor-element-c490a15 elementor-widget__width-initial elementor-view-default elementor-position-block-start elementor-mobile-position-block-start elementor-widget elementor-widget-icon-box\" data-id=\"c490a15\" data-element_type=\"widget\" data-e-type=\"widget\" data-widget_type=\"icon-box.default\">\n\t\t\t\t<div class=\"elementor-widget-container\">\n\t\t\t\t\t\t\t<div class=\"elementor-icon-box-wrapper\">\n\n\t\t\t\t\t\t<div class=\"elementor-icon-box-icon\">\n\t\t\t\t<span  class=\"elementor-icon\">\n\t\t\t\t<svg aria-hidden=\"true\" class=\"e-font-icon-svg e-far-handshake\" viewBox=\"0 0 640 512\" xmlns=\"http:\/\/www.w3.org\/2000\/svg\"><path d=\"M519.2 127.9l-47.6-47.6A56.252 56.252 0 0 0 432 64H205.2c-14.8 0-29.1 5.9-39.6 16.3L118 127.9H0v255.7h64c17.6 0 31.8-14.2 31.9-31.7h9.1l84.6 76.4c30.9 25.1 73.8 25.7 105.6 3.8 12.5 10.8 26 15.9 41.1 15.9 18.2 0 35.3-7.4 48.8-24 22.1 8.7 48.2 2.6 64-16.8l26.2-32.3c5.6-6.9 9.1-14.8 10.9-23h57.9c.1 17.5 14.4 31.7 31.9 31.7h64V127.9H519.2zM48 351.6c-8.8 0-16-7.2-16-16s7.2-16 16-16 16 7.2 16 16c0 8.9-7.2 16-16 16zm390-6.9l-26.1 32.2c-2.8 3.4-7.8 4-11.3 1.2l-23.9-19.4-30 36.5c-6 7.3-15 4.8-18 2.4l-36.8-31.5-15.6 19.2c-13.9 17.1-39.2 19.7-55.3 6.6l-97.3-88H96V175.8h41.9l61.7-61.6c2-.8 3.7-1.5 5.7-2.3H262l-38.7 35.5c-29.4 26.9-31.1 72.3-4.4 101.3 14.8 16.2 61.2 41.2 101.5 4.4l8.2-7.5 108.2 87.8c3.4 2.8 3.9 7.9 1.2 11.3zm106-40.8h-69.2c-2.3-2.8-4.9-5.4-7.7-7.7l-102.7-83.4 12.5-11.4c6.5-6 7-16.1 1-22.6L367 167.1c-6-6.5-16.1-6.9-22.6-1l-55.2 50.6c-9.5 8.7-25.7 9.4-34.6 0-9.3-9.9-8.5-25.1 1.2-33.9l65.6-60.1c7.4-6.8 17-10.5 27-10.5l83.7-.2c2.1 0 4.1.8 5.5 2.3l61.7 61.6H544v128zm48 47.7c-8.8 0-16-7.2-16-16s7.2-16 16-16 16 7.2 16 16c0 8.9-7.2 16-16 16z\"><\/path><\/svg>\t\t\t\t<\/span>\n\t\t\t<\/div>\n\t\t\t\n\t\t\t\t\t\t<div class=\"elementor-icon-box-content\">\n\n\t\t\t\t\n\t\t\t\t\t\t\t\t\t<p class=\"elementor-icon-box-description\">\n\t\t\t\t\t\tdes ressources et comp\u00e9tences n\u00e9cessaires \u00e0 la r\u00e9alisation et \u00e0 la permanence des moyens et des missions, y compris la revue des dossiers;\u200b\t\t\t\t\t<\/p>\n\t\t\t\t\n\t\t\t<\/div>\n\t\t\t\n\t\t<\/div>\n\t\t\t\t\t\t<\/div>\n\t\t\t\t<\/div>\n\t\t\t\t<div class=\"elementor-element elementor-element-89120a4 elementor-widget__width-initial elementor-view-default elementor-position-block-start elementor-mobile-position-block-start elementor-widget elementor-widget-icon-box\" data-id=\"89120a4\" data-element_type=\"widget\" data-e-type=\"widget\" data-widget_type=\"icon-box.default\">\n\t\t\t\t<div class=\"elementor-widget-container\">\n\t\t\t\t\t\t\t<div class=\"elementor-icon-box-wrapper\">\n\n\t\t\t\t\t\t<div class=\"elementor-icon-box-icon\">\n\t\t\t\t<span  class=\"elementor-icon\">\n\t\t\t\t<svg aria-hidden=\"true\" class=\"e-font-icon-svg e-fas-balance-scale\" viewBox=\"0 0 640 512\" xmlns=\"http:\/\/www.w3.org\/2000\/svg\"><path d=\"M256 336h-.02c0-16.18 1.34-8.73-85.05-181.51-17.65-35.29-68.19-35.36-85.87 0C-2.06 328.75.02 320.33.02 336H0c0 44.18 57.31 80 128 80s128-35.82 128-80zM128 176l72 144H56l72-144zm511.98 160c0-16.18 1.34-8.73-85.05-181.51-17.65-35.29-68.19-35.36-85.87 0-87.12 174.26-85.04 165.84-85.04 181.51H384c0 44.18 57.31 80 128 80s128-35.82 128-80h-.02zM440 320l72-144 72 144H440zm88 128H352V153.25c23.51-10.29 41.16-31.48 46.39-57.25H528c8.84 0 16-7.16 16-16V48c0-8.84-7.16-16-16-16H383.64C369.04 12.68 346.09 0 320 0s-49.04 12.68-63.64 32H112c-8.84 0-16 7.16-16 16v32c0 8.84 7.16 16 16 16h129.61c5.23 25.76 22.87 46.96 46.39 57.25V448H112c-8.84 0-16 7.16-16 16v32c0 8.84 7.16 16 16 16h416c8.84 0 16-7.16 16-16v-32c0-8.84-7.16-16-16-16z\"><\/path><\/svg>\t\t\t\t<\/span>\n\t\t\t<\/div>\n\t\t\t\n\t\t\t\t\t\t<div class=\"elementor-icon-box-content\">\n\n\t\t\t\t\n\t\t\t\t\t\t\t\t\t<p class=\"elementor-icon-box-description\">\n\t\t\t\t\t\tdes connaissances l\u00e9gales et r\u00e9glementaires des consultants\u00a0(formations obligatoires, veille r\u00e9glementaire\u2026);\t\t\t\t\t<\/p>\n\t\t\t\t\n\t\t\t<\/div>\n\t\t\t\n\t\t<\/div>\n\t\t\t\t\t\t<\/div>\n\t\t\t\t<\/div>\n\t\t\t\t<div class=\"elementor-element elementor-element-9a030c4 elementor-widget__width-initial elementor-view-default elementor-position-block-start elementor-mobile-position-block-start elementor-widget elementor-widget-icon-box\" data-id=\"9a030c4\" data-element_type=\"widget\" data-e-type=\"widget\" data-widget_type=\"icon-box.default\">\n\t\t\t\t<div class=\"elementor-widget-container\">\n\t\t\t\t\t\t\t<div class=\"elementor-icon-box-wrapper\">\n\n\t\t\t\t\t\t<div class=\"elementor-icon-box-icon\">\n\t\t\t\t<span  class=\"elementor-icon\">\n\t\t\t\t<svg aria-hidden=\"true\" class=\"e-font-icon-svg e-fas-recycle\" viewBox=\"0 0 512 512\" xmlns=\"http:\/\/www.w3.org\/2000\/svg\"><path d=\"M184.561 261.903c3.232 13.997-12.123 24.635-24.068 17.168l-40.736-25.455-50.867 81.402C55.606 356.273 70.96 384 96.012 384H148c6.627 0 12 5.373 12 12v40c0 6.627-5.373 12-12 12H96.115c-75.334 0-121.302-83.048-81.408-146.88l50.822-81.388-40.725-25.448c-12.081-7.547-8.966-25.961 4.879-29.158l110.237-25.45c8.611-1.988 17.201 3.381 19.189 11.99l25.452 110.237zm98.561-182.915l41.289 66.076-40.74 25.457c-12.051 7.528-9 25.953 4.879 29.158l110.237 25.45c8.672 1.999 17.215-3.438 19.189-11.99l25.45-110.237c3.197-13.844-11.99-24.719-24.068-17.168l-40.687 25.424-41.263-66.082c-37.521-60.033-125.209-60.171-162.816 0l-17.963 28.766c-3.51 5.62-1.8 13.021 3.82 16.533l33.919 21.195c5.62 3.512 13.024 1.803 16.536-3.817l17.961-28.743c12.712-20.341 41.973-19.676 54.257-.022zM497.288 301.12l-27.515-44.065c-3.511-5.623-10.916-7.334-16.538-3.821l-33.861 21.159c-5.62 3.512-7.33 10.915-3.818 16.536l27.564 44.112c13.257 21.211-2.057 48.96-27.136 48.96H320V336.02c0-14.213-17.242-21.383-27.313-11.313l-80 79.981c-6.249 6.248-6.249 16.379 0 22.627l80 79.989C302.689 517.308 320 510.3 320 495.989V448h95.88c75.274 0 121.335-82.997 81.408-146.88z\"><\/path><\/svg>\t\t\t\t<\/span>\n\t\t\t<\/div>\n\t\t\t\n\t\t\t\t\t\t<div class=\"elementor-icon-box-content\">\n\n\t\t\t\t\n\t\t\t\t\t\t\t\t\t<p class=\"elementor-icon-box-description\">\n\t\t\t\t\t\tdes moyens adapt\u00e9s offrant une r\u00e9silience op\u00e9rationnelle;\t\t\t\t\t<\/p>\n\t\t\t\t\n\t\t\t<\/div>\n\t\t\t\n\t\t<\/div>\n\t\t\t\t\t\t<\/div>\n\t\t\t\t<\/div>\n\t\t\t\t<div class=\"elementor-element elementor-element-4927356 elementor-widget__width-initial elementor-view-default elementor-position-block-start elementor-mobile-position-block-start elementor-widget elementor-widget-icon-box\" data-id=\"4927356\" data-element_type=\"widget\" data-e-type=\"widget\" data-widget_type=\"icon-box.default\">\n\t\t\t\t<div class=\"elementor-widget-container\">\n\t\t\t\t\t\t\t<div class=\"elementor-icon-box-wrapper\">\n\n\t\t\t\t\t\t<div class=\"elementor-icon-box-icon\">\n\t\t\t\t<span  class=\"elementor-icon\">\n\t\t\t\t<svg aria-hidden=\"true\" class=\"e-font-icon-svg e-fas-unlock-alt\" viewBox=\"0 0 448 512\" xmlns=\"http:\/\/www.w3.org\/2000\/svg\"><path d=\"M400 256H152V152.9c0-39.6 31.7-72.5 71.3-72.9 40-.4 72.7 32.1 72.7 72v16c0 13.3 10.7 24 24 24h32c13.3 0 24-10.7 24-24v-16C376 68 307.5-.3 223.5 0 139.5.3 72 69.5 72 153.5V256H48c-26.5 0-48 21.5-48 48v160c0 26.5 21.5 48 48 48h352c26.5 0 48-21.5 48-48V304c0-26.5-21.5-48-48-48zM264 408c0 22.1-17.9 40-40 40s-40-17.9-40-40v-48c0-22.1 17.9-40 40-40s40 17.9 40 40v48z\"><\/path><\/svg>\t\t\t\t<\/span>\n\t\t\t<\/div>\n\t\t\t\n\t\t\t\t\t\t<div class=\"elementor-icon-box-content\">\n\n\t\t\t\t\n\t\t\t\t\t\t\t\t\t<p class=\"elementor-icon-box-description\">\n\t\t\t\t\t\tun dispositif d\u2019identification et de traitement des conflits d\u2019int\u00e9r\u00eats potentiels ou av\u00e9r\u00e9s vis-\u00e0-vis des clients.\t\t\t\t\t<\/p>\n\t\t\t\t\n\t\t\t<\/div>\n\t\t\t\n\t\t<\/div>\n\t\t\t\t\t\t<\/div>\n\t\t\t\t<\/div>\n\t\t\t\t<\/div>\n\t\t<div class=\"elementor-element elementor-element-0f2a95c e-con-full e-flex e-con e-child\" data-id=\"0f2a95c\" data-element_type=\"container\" data-e-type=\"container\">\n\t\t\t\t<div class=\"elementor-element elementor-element-5fa3048 elementor-widget elementor-widget-text-editor\" data-id=\"5fa3048\" data-element_type=\"widget\" data-e-type=\"widget\" data-widget_type=\"text-editor.default\">\n\t\t\t\t<div class=\"elementor-widget-container\">\n\t\t\t\t\t\t\t\t\tL\u2019ensemble des engagements pris sont revus annuellement de fa\u00e7on ind\u00e9pendante en interne par sa pr\u00e9sidente ou par un tiers.\t\t\t\t\t\t\t\t<\/div>\n\t\t\t\t<\/div>\n\t\t\t\t<\/div>\n\t\t<div class=\"elementor-element elementor-element-4269174 e-con-full e-flex e-con e-child\" data-id=\"4269174\" data-element_type=\"container\" data-e-type=\"container\">\n\t\t\t\t<div class=\"elementor-element elementor-element-55daeb4 elementor-widget__width-initial elementor-widget elementor-widget-heading\" data-id=\"55daeb4\" data-element_type=\"widget\" data-e-type=\"widget\" data-widget_type=\"heading.default\">\n\t\t\t\t<div class=\"elementor-widget-container\">\n\t\t\t\t\t<h2 class=\"elementor-heading-title elementor-size-default\">Fran\u00e7oise CONSTANT<\/h2>\t\t\t\t<\/div>\n\t\t\t\t<\/div>\n\t\t\t\t<div class=\"elementor-element elementor-element-0f88d46 elementor-widget__width-initial elementor-widget elementor-widget-heading\" data-id=\"0f88d46\" data-element_type=\"widget\" data-e-type=\"widget\" data-widget_type=\"heading.default\">\n\t\t\t\t<div class=\"elementor-widget-container\">\n\t\t\t\t\t<h4 class=\"elementor-heading-title elementor-size-default\">Pr\u00e9sidente<\/h4>\t\t\t\t<\/div>\n\t\t\t\t<\/div>\n\t\t\t\t<div class=\"elementor-element elementor-element-a919e22 elementor-widget__width-initial elementor-widget elementor-widget-text-editor\" data-id=\"a919e22\" data-element_type=\"widget\" data-e-type=\"widget\" data-widget_type=\"text-editor.default\">\n\t\t\t\t<div class=\"elementor-widget-container\">\n\t\t\t\t\t\t\t\t\t<p>Ancienne pr\u00e9sidente de la commission Asset Management de la CNCC, Fran\u00e7oise dispose d\u2019une exp\u00e9rience significative dans le conseil aupr\u00e8s des acteurs r\u00e9gul\u00e9s par l\u2019ACPR et l\u2019AMF. Elle agit de fa\u00e7on ind\u00e9pendante des membres de l\u2019association au regard de ses activit\u00e9s ou mandats exerc\u00e9s.<\/p>\t\t\t\t\t\t\t\t<\/div>\n\t\t\t\t<\/div>\n\t\t\t\t<\/div>\n\t\t\t\t\t<\/div>\n\t\t\t\t<\/div>\n\t\t<div class=\"elementor-element elementor-element-9cb89e1 e-flex e-con-boxed e-con e-parent\" data-id=\"9cb89e1\" data-element_type=\"container\" data-e-type=\"container\">\n\t\t\t\t\t<div class=\"e-con-inner\">\n\t\t\t\t<div class=\"elementor-element elementor-element-85c2ee0 elementor-widget__width-inherit elementor-widget elementor-widget-gallery\" data-id=\"85c2ee0\" data-element_type=\"widget\" data-e-type=\"widget\" data-settings=\"{&quot;gallery_layout&quot;:&quot;masonry&quot;,&quot;columns&quot;:3,&quot;lazyload&quot;:&quot;yes&quot;,&quot;columns_tablet&quot;:2,&quot;columns_mobile&quot;:1,&quot;gap&quot;:{&quot;unit&quot;:&quot;px&quot;,&quot;size&quot;:10,&quot;sizes&quot;:[]},&quot;gap_tablet&quot;:{&quot;unit&quot;:&quot;px&quot;,&quot;size&quot;:10,&quot;sizes&quot;:[]},&quot;gap_mobile&quot;:{&quot;unit&quot;:&quot;px&quot;,&quot;size&quot;:10,&quot;sizes&quot;:[]},&quot;overlay_background&quot;:&quot;yes&quot;,&quot;content_hover_animation&quot;:&quot;fade-in&quot;}\" data-widget_type=\"gallery.default\">\n\t\t\t\t<div class=\"elementor-widget-container\">\n\t\t\t\t\t\t\t<div class=\"elementor-gallery__container\">\n\t\t\t\t\t\t\t<div class=\"e-gallery-item elementor-gallery-item elementor-animated-content\">\n\t\t\t\t\t<div class=\"e-gallery-image elementor-gallery-item__image\" data-thumbnail=\"https:\/\/accr-asso.fr\/wp-content\/uploads\/2025\/02\/AGAMA-GROUP-Logo-Carre.png\" data-width=\"800\" data-height=\"687\" aria-label=\"\" role=\"img\" ><\/div>\n\t\t\t\t\t\t\t\t\t\t\t<div class=\"elementor-gallery-item__overlay\"><\/div>\n\t\t\t\t\t\t\t\t\t\t\t\t\t\t<\/div>\n\t\t\t\t\t\t\t<div class=\"e-gallery-item elementor-gallery-item elementor-animated-content\">\n\t\t\t\t\t<div class=\"e-gallery-image elementor-gallery-item__image\" data-thumbnail=\"https:\/\/accr-asso.fr\/wp-content\/uploads\/2025\/02\/CP-CONSEIL-e1743669325855-1024x318.png\" data-width=\"800\" data-height=\"248\" aria-label=\"\" role=\"img\" ><\/div>\n\t\t\t\t\t\t\t\t\t\t\t<div class=\"elementor-gallery-item__overlay\"><\/div>\n\t\t\t\t\t\t\t\t\t\t\t\t\t\t<\/div>\n\t\t\t\t\t\t\t<div class=\"e-gallery-item elementor-gallery-item elementor-animated-content\">\n\t\t\t\t\t<div class=\"e-gallery-image elementor-gallery-item__image\" data-thumbnail=\"https:\/\/accr-asso.fr\/wp-content\/uploads\/2025\/02\/kroll_logo-1024x239.png\" data-width=\"800\" data-height=\"187\" aria-label=\"\" role=\"img\" ><\/div>\n\t\t\t\t\t\t\t\t\t\t\t<div class=\"elementor-gallery-item__overlay\"><\/div>\n\t\t\t\t\t\t\t\t\t\t\t\t\t\t<\/div>\n\t\t\t\t\t\t\t<div class=\"e-gallery-item elementor-gallery-item elementor-animated-content\">\n\t\t\t\t\t<div class=\"e-gallery-image elementor-gallery-item__image\" data-thumbnail=\"https:\/\/accr-asso.fr\/wp-content\/uploads\/2025\/02\/PCI-CONSEILS-1024x1024.png\" data-width=\"800\" data-height=\"800\" aria-label=\"\" role=\"img\" ><\/div>\n\t\t\t\t\t\t\t\t\t\t\t<div class=\"elementor-gallery-item__overlay\"><\/div>\n\t\t\t\t\t\t\t\t\t\t\t\t\t\t<\/div>\n\t\t\t\t\t\t\t<div class=\"e-gallery-item elementor-gallery-item elementor-animated-content\">\n\t\t\t\t\t<div class=\"e-gallery-image elementor-gallery-item__image\" data-thumbnail=\"https:\/\/accr-asso.fr\/wp-content\/uploads\/2025\/02\/PWC.png\" data-width=\"268\" data-height=\"221\" aria-label=\"\" role=\"img\" ><\/div>\n\t\t\t\t\t\t\t\t\t\t\t<div class=\"elementor-gallery-item__overlay\"><\/div>\n\t\t\t\t\t\t\t\t\t\t\t\t\t\t<\/div>\n\t\t\t\t\t<\/div>\n\t\t\t\t\t<\/div>\n\t\t\t\t<\/div>\n\t\t\t\t\t<\/div>\n\t\t\t\t<\/div>\n\t\t<div class=\"elementor-element elementor-element-fbe5041 e-flex e-con-boxed e-con e-parent\" data-id=\"fbe5041\" data-element_type=\"container\" data-e-type=\"container\">\n\t\t\t\t\t<div class=\"e-con-inner\">\n\t\t\t\t<div class=\"elementor-element elementor-element-b25070c elementor-widget elementor-widget-heading\" data-id=\"b25070c\" data-element_type=\"widget\" data-e-type=\"widget\" data-widget_type=\"heading.default\">\n\t\t\t\t<div class=\"elementor-widget-container\">\n\t\t\t\t\t<p class=\"elementor-heading-title elementor-size-default\">Association Loi 1901 enregistr\u00e9e sous le N\u00b0W751252522 \u00e0 la pr\u00e9fecture de Paris<\/p>\t\t\t\t<\/div>\n\t\t\t\t<\/div>\n\t\t\t\t\t<\/div>\n\t\t\t\t<\/div>\n\t\t\t\t<\/div>\n\t\t","protected":false},"excerpt":{"rendered":"<p>Qui sommes-nous\u00a0? L\u2019Association des Conseillers en Conformit\u00e9 et R\u00e9gulation, cr\u00e9\u00e9e en 2019 \u00e0 l\u2019initiative de l\u2019AMF et d\u2019intervenants majeurs de la Place, est l\u2019association repr\u00e9sentative des cabinets de conseils sp\u00e9cialis\u00e9s dans le domaine de la conformit\u00e9 et du contr\u00f4le interne. Elle a pour mission de d\u00e9finir les organisations et les moyens n\u00e9cessaires \u00e0 l\u2019accomplissement de [&hellip;]<\/p>\n","protected":false},"author":1,"featured_media":0,"parent":0,"menu_order":0,"comment_status":"closed","ping_status":"closed","template":"","meta":{"footnotes":""},"class_list":["post-13","page","type-page","status-publish","hentry"],"_links":{"self":[{"href":"https:\/\/accr-asso.fr\/index.php?rest_route=\/wp\/v2\/pages\/13","targetHints":{"allow":["GET"]}}],"collection":[{"href":"https:\/\/accr-asso.fr\/index.php?rest_route=\/wp\/v2\/pages"}],"about":[{"href":"https:\/\/accr-asso.fr\/index.php?rest_route=\/wp\/v2\/types\/page"}],"author":[{"embeddable":true,"href":"https:\/\/accr-asso.fr\/index.php?rest_route=\/wp\/v2\/users\/1"}],"replies":[{"embeddable":true,"href":"https:\/\/accr-asso.fr\/index.php?rest_route=%2Fwp%2Fv2%2Fcomments&post=13"}],"version-history":[{"count":46,"href":"https:\/\/accr-asso.fr\/index.php?rest_route=\/wp\/v2\/pages\/13\/revisions"}],"predecessor-version":[{"id":120,"href":"https:\/\/accr-asso.fr\/index.php?rest_route=\/wp\/v2\/pages\/13\/revisions\/120"}],"wp:attachment":[{"href":"https:\/\/accr-asso.fr\/index.php?rest_route=%2Fwp%2Fv2%2Fmedia&parent=13"}],"curies":[{"name":"wp","href":"https:\/\/api.w.org\/{rel}","templated":true}]}}